{"id":10,"date":"2024-03-18T16:30:52","date_gmt":"2024-03-18T16:30:52","guid":{"rendered":"https:\/\/piguicr.com\/?page_id=10"},"modified":"2025-10-12T18:26:39","modified_gmt":"2025-10-12T18:26:39","slug":"servicios","status":"publish","type":"page","link":"https:\/\/piguicr.com\/index.php\/servicios\/","title":{"rendered":"Servicios"},"content":{"rendered":"<p>Dedicados a la confecci\u00f3n de uniformes, bordados, sublimado y personalizaci\u00f3n de art\u00edculos promocionales.<\/p>\n<p><img loading=\"lazy\" decoding=\"async\" class=\"alignnone size-full wp-image-92\" src=\"https:\/\/piguicr.com\/wp-content\/uploads\/2025\/10\/slider03.jpg\" alt=\"\" width=\"1920\" height=\"900\" srcset=\"https:\/\/piguicr.com\/wp-content\/uploads\/2025\/10\/slider03.jpg 1920w, https:\/\/piguicr.com\/wp-content\/uploads\/2025\/10\/slider03-300x141.jpg 300w, https:\/\/piguicr.com\/wp-content\/uploads\/2025\/10\/slider03-1024x480.jpg 1024w, https:\/\/piguicr.com\/wp-content\/uploads\/2025\/10\/slider03-768x360.jpg 768w, https:\/\/piguicr.com\/wp-content\/uploads\/2025\/10\/slider03-1536x720.jpg 1536w\" sizes=\"auto, (max-width: 1920px) 100vw, 1920px\" \/><\/p>\n<div id='gallery-1' class='gallery galleryid-10 gallery-columns-3 gallery-size-thumbnail'><figure class='gallery-item'>\n\t\t\t<div class='gallery-icon landscape'>\n\t\t\t\t<a href='https:\/\/piguicr.com\/wp-content\/uploads\/2025\/10\/01-1.jpg'><img loading=\"lazy\" decoding=\"async\" width=\"150\" height=\"150\" src=\"https:\/\/piguicr.com\/wp-content\/uploads\/2025\/10\/01-1-150x150.jpg\" class=\"attachment-thumbnail size-thumbnail\" alt=\"\" \/><\/a>\n\t\t\t<\/div><\/figure><figure class='gallery-item'>\n\t\t\t<div class='gallery-icon landscape'>\n\t\t\t\t<a href='https:\/\/piguicr.com\/wp-content\/uploads\/2025\/10\/02.jpg'><img loading=\"lazy\" decoding=\"async\" width=\"150\" height=\"150\" src=\"https:\/\/piguicr.com\/wp-content\/uploads\/2025\/10\/02-150x150.jpg\" class=\"attachment-thumbnail size-thumbnail\" alt=\"\" \/><\/a>\n\t\t\t<\/div><\/figure><figure class='gallery-item'>\n\t\t\t<div class='gallery-icon portrait'>\n\t\t\t\t<a href='https:\/\/piguicr.com\/wp-content\/uploads\/2025\/10\/423160053_1114730716178162_4238400853414260799_n.jpg'><img loading=\"lazy\" decoding=\"async\" width=\"150\" height=\"150\" src=\"https:\/\/piguicr.com\/wp-content\/uploads\/2025\/10\/423160053_1114730716178162_4238400853414260799_n-150x150.jpg\" class=\"attachment-thumbnail size-thumbnail\" alt=\"\" \/><\/a>\n\t\t\t<\/div><\/figure><figure class='gallery-item'>\n\t\t\t<div class='gallery-icon portrait'>\n\t\t\t\t<a href='https:\/\/piguicr.com\/wp-content\/uploads\/2025\/10\/423247195_1114730736178160_3130415083329378104_n.jpg'><img loading=\"lazy\" decoding=\"async\" width=\"150\" height=\"150\" src=\"https:\/\/piguicr.com\/wp-content\/uploads\/2025\/10\/423247195_1114730736178160_3130415083329378104_n-150x150.jpg\" class=\"attachment-thumbnail size-thumbnail\" alt=\"\" \/><\/a>\n\t\t\t<\/div><\/figure><figure class='gallery-item'>\n\t\t\t<div class='gallery-icon portrait'>\n\t\t\t\t<a href='https:\/\/piguicr.com\/wp-content\/uploads\/2025\/10\/423247584_1114730706178163_9120282967011581075_n.jpg'><img loading=\"lazy\" decoding=\"async\" width=\"150\" height=\"150\" src=\"https:\/\/piguicr.com\/wp-content\/uploads\/2025\/10\/423247584_1114730706178163_9120282967011581075_n-150x150.jpg\" class=\"attachment-thumbnail size-thumbnail\" alt=\"\" \/><\/a>\n\t\t\t<\/div><\/figure><figure class='gallery-item'>\n\t\t\t<div class='gallery-icon portrait'>\n\t\t\t\t<a href='https:\/\/piguicr.com\/wp-content\/uploads\/2025\/10\/426423349_1124980975153136_8308603811160320020_n.jpg'><img loading=\"lazy\" decoding=\"async\" width=\"150\" height=\"150\" src=\"https:\/\/piguicr.com\/wp-content\/uploads\/2025\/10\/426423349_1124980975153136_8308603811160320020_n-150x150.jpg\" class=\"attachment-thumbnail size-thumbnail\" alt=\"\" \/><\/a>\n\t\t\t<\/div><\/figure><figure class='gallery-item'>\n\t\t\t<div class='gallery-icon landscape'>\n\t\t\t\t<a href='https:\/\/piguicr.com\/wp-content\/uploads\/2025\/10\/arti.fw_.png'><img loading=\"lazy\" decoding=\"async\" width=\"150\" height=\"150\" src=\"https:\/\/piguicr.com\/wp-content\/uploads\/2025\/10\/arti.fw_-150x150.png\" class=\"attachment-thumbnail size-thumbnail\" alt=\"\" \/><\/a>\n\t\t\t<\/div><\/figure><figure class='gallery-item'>\n\t\t\t<div class='gallery-icon landscape'>\n\t\t\t\t<a href='https:\/\/piguicr.com\/wp-content\/uploads\/2025\/10\/sublimado.fw_.png'><img loading=\"lazy\" decoding=\"async\" width=\"150\" height=\"150\" src=\"https:\/\/piguicr.com\/wp-content\/uploads\/2025\/10\/sublimado.fw_-150x150.png\" class=\"attachment-thumbnail size-thumbnail\" alt=\"\" \/><\/a>\n\t\t\t<\/div><\/figure><figure class='gallery-item'>\n\t\t\t<div class='gallery-icon landscape'>\n\t\t\t\t<a href='https:\/\/piguicr.com\/wp-content\/uploads\/2025\/10\/uniformes.fw_.png'><img loading=\"lazy\" decoding=\"async\" width=\"150\" height=\"150\" src=\"https:\/\/piguicr.com\/wp-content\/uploads\/2025\/10\/uniformes.fw_-150x150.png\" class=\"attachment-thumbnail size-thumbnail\" alt=\"\" \/><\/a>\n\t\t\t<\/div><\/figure><figure class='gallery-item'>\n\t\t\t<div class='gallery-icon landscape'>\n\t\t\t\t<a href='https:\/\/piguicr.com\/wp-content\/uploads\/2025\/10\/476634108_18072581935707480_862169240927489627_n.jpg'><img loading=\"lazy\" decoding=\"async\" width=\"150\" height=\"150\" src=\"https:\/\/piguicr.com\/wp-content\/uploads\/2025\/10\/476634108_18072581935707480_862169240927489627_n-150x150.jpg\" class=\"attachment-thumbnail size-thumbnail\" alt=\"\" \/><\/a>\n\t\t\t<\/div><\/figure><figure class='gallery-item'>\n\t\t\t<div class='gallery-icon landscape'>\n\t\t\t\t<a href='https:\/\/piguicr.com\/wp-content\/uploads\/2025\/10\/484384855_9461414837308023_6876903955327890383_n.jpg'><img loading=\"lazy\" decoding=\"async\" width=\"150\" height=\"150\" src=\"https:\/\/piguicr.com\/wp-content\/uploads\/2025\/10\/484384855_9461414837308023_6876903955327890383_n-150x150.jpg\" class=\"attachment-thumbnail size-thumbnail\" alt=\"\" \/><\/a>\n\t\t\t<\/div><\/figure><figure class='gallery-item'>\n\t\t\t<div class='gallery-icon landscape'>\n\t\t\t\t<a href='https:\/\/piguicr.com\/wp-content\/uploads\/2025\/10\/486102215_1402555694062328_3833683054479635012_n.jpg'><img loading=\"lazy\" decoding=\"async\" width=\"150\" height=\"150\" src=\"https:\/\/piguicr.com\/wp-content\/uploads\/2025\/10\/486102215_1402555694062328_3833683054479635012_n-150x150.jpg\" class=\"attachment-thumbnail size-thumbnail\" alt=\"\" \/><\/a>\n\t\t\t<\/div><\/figure><figure class='gallery-item'>\n\t\t\t<div class='gallery-icon portrait'>\n\t\t\t\t<a href='https:\/\/piguicr.com\/wp-content\/uploads\/2025\/10\/486283411_9517719011677605_3010200442646258947_n.jpg'><img loading=\"lazy\" decoding=\"async\" width=\"150\" height=\"150\" src=\"https:\/\/piguicr.com\/wp-content\/uploads\/2025\/10\/486283411_9517719011677605_3010200442646258947_n-150x150.jpg\" class=\"attachment-thumbnail size-thumbnail\" alt=\"\" \/><\/a>\n\t\t\t<\/div><\/figure><figure class='gallery-item'>\n\t\t\t<div class='gallery-icon landscape'>\n\t\t\t\t<a href='https:\/\/piguicr.com\/wp-content\/uploads\/2025\/10\/486617790_1408425846808646_1036637085464934362_n.jpg'><img loading=\"lazy\" decoding=\"async\" width=\"150\" height=\"150\" src=\"https:\/\/piguicr.com\/wp-content\/uploads\/2025\/10\/486617790_1408425846808646_1036637085464934362_n-150x150.jpg\" class=\"attachment-thumbnail size-thumbnail\" alt=\"\" srcset=\"https:\/\/piguicr.com\/wp-content\/uploads\/2025\/10\/486617790_1408425846808646_1036637085464934362_n-150x150.jpg 150w, https:\/\/piguicr.com\/wp-content\/uploads\/2025\/10\/486617790_1408425846808646_1036637085464934362_n-300x300.jpg 300w, https:\/\/piguicr.com\/wp-content\/uploads\/2025\/10\/486617790_1408425846808646_1036637085464934362_n-1024x1024.jpg 1024w, https:\/\/piguicr.com\/wp-content\/uploads\/2025\/10\/486617790_1408425846808646_1036637085464934362_n-768x768.jpg 768w, https:\/\/piguicr.com\/wp-content\/uploads\/2025\/10\/486617790_1408425846808646_1036637085464934362_n.jpg 1440w\" sizes=\"auto, (max-width: 150px) 100vw, 150px\" \/><\/a>\n\t\t\t<\/div><\/figure><figure class='gallery-item'>\n\t\t\t<div class='gallery-icon landscape'>\n\t\t\t\t<a href='https:\/\/piguicr.com\/wp-content\/uploads\/2025\/10\/486728622_1408426066808624_5198266972779476681_n.jpg'><img loading=\"lazy\" decoding=\"async\" width=\"150\" height=\"150\" src=\"https:\/\/piguicr.com\/wp-content\/uploads\/2025\/10\/486728622_1408426066808624_5198266972779476681_n-150x150.jpg\" class=\"attachment-thumbnail size-thumbnail\" alt=\"\" srcset=\"https:\/\/piguicr.com\/wp-content\/uploads\/2025\/10\/486728622_1408426066808624_5198266972779476681_n-150x150.jpg 150w, https:\/\/piguicr.com\/wp-content\/uploads\/2025\/10\/486728622_1408426066808624_5198266972779476681_n-300x300.jpg 300w, https:\/\/piguicr.com\/wp-content\/uploads\/2025\/10\/486728622_1408426066808624_5198266972779476681_n-1024x1024.jpg 1024w, https:\/\/piguicr.com\/wp-content\/uploads\/2025\/10\/486728622_1408426066808624_5198266972779476681_n-768x768.jpg 768w, https:\/\/piguicr.com\/wp-content\/uploads\/2025\/10\/486728622_1408426066808624_5198266972779476681_n.jpg 1440w\" sizes=\"auto, (max-width: 150px) 100vw, 150px\" \/><\/a>\n\t\t\t<\/div><\/figure><figure class='gallery-item'>\n\t\t\t<div class='gallery-icon landscape'>\n\t\t\t\t<a href='https:\/\/piguicr.com\/wp-content\/uploads\/2025\/10\/486875975_1408425486808682_7687983933086149504_n.jpg'><img loading=\"lazy\" decoding=\"async\" width=\"150\" height=\"150\" src=\"https:\/\/piguicr.com\/wp-content\/uploads\/2025\/10\/486875975_1408425486808682_7687983933086149504_n-150x150.jpg\" class=\"attachment-thumbnail size-thumbnail\" alt=\"\" srcset=\"https:\/\/piguicr.com\/wp-content\/uploads\/2025\/10\/486875975_1408425486808682_7687983933086149504_n-150x150.jpg 150w, https:\/\/piguicr.com\/wp-content\/uploads\/2025\/10\/486875975_1408425486808682_7687983933086149504_n-300x300.jpg 300w, https:\/\/piguicr.com\/wp-content\/uploads\/2025\/10\/486875975_1408425486808682_7687983933086149504_n-1024x1024.jpg 1024w, https:\/\/piguicr.com\/wp-content\/uploads\/2025\/10\/486875975_1408425486808682_7687983933086149504_n-768x768.jpg 768w, https:\/\/piguicr.com\/wp-content\/uploads\/2025\/10\/486875975_1408425486808682_7687983933086149504_n.jpg 1440w\" sizes=\"auto, (max-width: 150px) 100vw, 150px\" \/><\/a>\n\t\t\t<\/div><\/figure><figure class='gallery-item'>\n\t\t\t<div class='gallery-icon landscape'>\n\t\t\t\t<a href='https:\/\/piguicr.com\/wp-content\/uploads\/2025\/10\/487081614_1410594169925147_5780986594281474436_n.jpg'><img loading=\"lazy\" decoding=\"async\" width=\"150\" height=\"150\" src=\"https:\/\/piguicr.com\/wp-content\/uploads\/2025\/10\/487081614_1410594169925147_5780986594281474436_n-150x150.jpg\" class=\"attachment-thumbnail size-thumbnail\" alt=\"\" srcset=\"https:\/\/piguicr.com\/wp-content\/uploads\/2025\/10\/487081614_1410594169925147_5780986594281474436_n-150x150.jpg 150w, https:\/\/piguicr.com\/wp-content\/uploads\/2025\/10\/487081614_1410594169925147_5780986594281474436_n-300x300.jpg 300w, https:\/\/piguicr.com\/wp-content\/uploads\/2025\/10\/487081614_1410594169925147_5780986594281474436_n-1024x1024.jpg 1024w, https:\/\/piguicr.com\/wp-content\/uploads\/2025\/10\/487081614_1410594169925147_5780986594281474436_n-768x768.jpg 768w, https:\/\/piguicr.com\/wp-content\/uploads\/2025\/10\/487081614_1410594169925147_5780986594281474436_n.jpg 1440w\" sizes=\"auto, (max-width: 150px) 100vw, 150px\" \/><\/a>\n\t\t\t<\/div><\/figure><figure class='gallery-item'>\n\t\t\t<div class='gallery-icon landscape'>\n\t\t\t\t<a href='https:\/\/piguicr.com\/wp-content\/uploads\/2025\/10\/487165748_1408425860141978_9028942177045372921_n.jpg'><img loading=\"lazy\" decoding=\"async\" width=\"150\" height=\"150\" src=\"https:\/\/piguicr.com\/wp-content\/uploads\/2025\/10\/487165748_1408425860141978_9028942177045372921_n-150x150.jpg\" class=\"attachment-thumbnail size-thumbnail\" alt=\"\" srcset=\"https:\/\/piguicr.com\/wp-content\/uploads\/2025\/10\/487165748_1408425860141978_9028942177045372921_n-150x150.jpg 150w, https:\/\/piguicr.com\/wp-content\/uploads\/2025\/10\/487165748_1408425860141978_9028942177045372921_n-300x300.jpg 300w, https:\/\/piguicr.com\/wp-content\/uploads\/2025\/10\/487165748_1408425860141978_9028942177045372921_n-1024x1024.jpg 1024w, https:\/\/piguicr.com\/wp-content\/uploads\/2025\/10\/487165748_1408425860141978_9028942177045372921_n-768x768.jpg 768w, https:\/\/piguicr.com\/wp-content\/uploads\/2025\/10\/487165748_1408425860141978_9028942177045372921_n.jpg 1440w\" sizes=\"auto, (max-width: 150px) 100vw, 150px\" \/><\/a>\n\t\t\t<\/div><\/figure><figure class='gallery-item'>\n\t\t\t<div class='gallery-icon portrait'>\n\t\t\t\t<a href='https:\/\/piguicr.com\/wp-content\/uploads\/2025\/10\/487463543_1412090939775470_1610940812123178597_n.jpg'><img loading=\"lazy\" decoding=\"async\" width=\"150\" height=\"150\" src=\"https:\/\/piguicr.com\/wp-content\/uploads\/2025\/10\/487463543_1412090939775470_1610940812123178597_n-150x150.jpg\" class=\"attachment-thumbnail size-thumbnail\" alt=\"\" \/><\/a>\n\t\t\t<\/div><\/figure><figure class='gallery-item'>\n\t\t\t<div class='gallery-icon landscape'>\n\t\t\t\t<a href='https:\/\/piguicr.com\/wp-content\/uploads\/2025\/10\/487727452_1410594086591822_3034573675771559448_n.jpg'><img loading=\"lazy\" decoding=\"async\" width=\"150\" height=\"150\" src=\"https:\/\/piguicr.com\/wp-content\/uploads\/2025\/10\/487727452_1410594086591822_3034573675771559448_n-150x150.jpg\" class=\"attachment-thumbnail size-thumbnail\" alt=\"\" srcset=\"https:\/\/piguicr.com\/wp-content\/uploads\/2025\/10\/487727452_1410594086591822_3034573675771559448_n-150x150.jpg 150w, https:\/\/piguicr.com\/wp-content\/uploads\/2025\/10\/487727452_1410594086591822_3034573675771559448_n-300x300.jpg 300w, https:\/\/piguicr.com\/wp-content\/uploads\/2025\/10\/487727452_1410594086591822_3034573675771559448_n-1024x1024.jpg 1024w, https:\/\/piguicr.com\/wp-content\/uploads\/2025\/10\/487727452_1410594086591822_3034573675771559448_n-768x768.jpg 768w, https:\/\/piguicr.com\/wp-content\/uploads\/2025\/10\/487727452_1410594086591822_3034573675771559448_n.jpg 1440w\" sizes=\"auto, (max-width: 150px) 100vw, 150px\" \/><\/a>\n\t\t\t<\/div><\/figure><figure class='gallery-item'>\n\t\t\t<div class='gallery-icon landscape'>\n\t\t\t\t<a href='https:\/\/piguicr.com\/wp-content\/uploads\/2025\/10\/508822150_18084631207707480_7402467620664934041_n.jpg'><img loading=\"lazy\" decoding=\"async\" width=\"150\" height=\"150\" src=\"https:\/\/piguicr.com\/wp-content\/uploads\/2025\/10\/508822150_18084631207707480_7402467620664934041_n-150x150.jpg\" class=\"attachment-thumbnail size-thumbnail\" alt=\"\" \/><\/a>\n\t\t\t<\/div><\/figure><figure class='gallery-item'>\n\t\t\t<div class='gallery-icon landscape'>\n\t\t\t\t<a href='https:\/\/piguicr.com\/wp-content\/uploads\/2025\/10\/arti.fw_-1.png'><img loading=\"lazy\" decoding=\"async\" width=\"150\" height=\"150\" src=\"https:\/\/piguicr.com\/wp-content\/uploads\/2025\/10\/arti.fw_-1-150x150.png\" class=\"attachment-thumbnail size-thumbnail\" alt=\"\" \/><\/a>\n\t\t\t<\/div><\/figure><figure class='gallery-item'>\n\t\t\t<div class='gallery-icon landscape'>\n\t\t\t\t<a href='https:\/\/piguicr.com\/wp-content\/uploads\/2025\/10\/arti.jpg'><img loading=\"lazy\" decoding=\"async\" width=\"150\" height=\"150\" src=\"https:\/\/piguicr.com\/wp-content\/uploads\/2025\/10\/arti-150x150.jpg\" class=\"attachment-thumbnail size-thumbnail\" alt=\"\" \/><\/a>\n\t\t\t<\/div><\/figure>\n\t\t<\/div>\n\n<p>&nbsp;<\/p>\n<p>&nbsp;<\/p>\n","protected":false},"excerpt":{"rendered":"<p>Dedicados a la confecci\u00f3n de uniformes, bordados, sublimado y personalizaci\u00f3n de art\u00edculos promocionales. &nbsp; &nbsp;<\/p>\n","protected":false},"author":1,"featured_media":0,"parent":0,"menu_order":0,"comment_status":"closed","ping_status":"closed","template":"fullwidth-page.php","meta":{"footnotes":""},"class_list":["post-10","page","type-page","status-publish","hentry"],"_links":{"self":[{"href":"https:\/\/piguicr.com\/index.php\/wp-json\/wp\/v2\/pages\/10","targetHints":{"allow":["GET"]}}],"collection":[{"href":"https:\/\/piguicr.com\/index.php\/wp-json\/wp\/v2\/pages"}],"about":[{"href":"https:\/\/piguicr.com\/index.php\/wp-json\/wp\/v2\/types\/page"}],"author":[{"embeddable":true,"href":"https:\/\/piguicr.com\/index.php\/wp-json\/wp\/v2\/users\/1"}],"replies":[{"embeddable":true,"href":"https:\/\/piguicr.com\/index.php\/wp-json\/wp\/v2\/comments?post=10"}],"version-history":[{"count":5,"href":"https:\/\/piguicr.com\/index.php\/wp-json\/wp\/v2\/pages\/10\/revisions"}],"predecessor-version":[{"id":123,"href":"https:\/\/piguicr.com\/index.php\/wp-json\/wp\/v2\/pages\/10\/revisions\/123"}],"wp:attachment":[{"href":"https:\/\/piguicr.com\/index.php\/wp-json\/wp\/v2\/media?parent=10"}],"curies":[{"name":"wp","href":"https:\/\/api.w.org\/{rel}","templated":true}]}}